{"id":193,"date":"2026-01-10T11:21:23","date_gmt":"2026-01-10T08:21:23","guid":{"rendered":"https:\/\/tawhidarabi.org\/privacy-policy-ar"},"modified":"2026-01-13T13:56:12","modified_gmt":"2026-01-13T10:56:12","slug":"politique-de-confidentialite","status":"publish","type":"page","link":"https:\/\/tawhidarabi.org\/fr\/politique-de-confidentialite","title":{"rendered":"Politique de confidentialit\u00e9"},"content":{"rendered":"<h3 data-start=\"422\" data-end=\"441\">Qui sommes-nous<\/h3>\n<p data-start=\"442\" data-end=\"503\">L\u2019adresse de notre site web est :<br data-start=\"475\" data-end=\"478\" \/><a class=\"decorated-link\" href=\"https:\/\/tawhidarabi.org\" target=\"_new\" rel=\"noopener\" data-start=\"478\" data-end=\"501\">https:\/\/tawhidarabi.org<\/a><\/p>\n<p data-start=\"505\" data-end=\"817\">Ce site est la plateforme politique et m\u00e9diatique officielle du Parti de l\u2019Unit\u00e9 Arabe. Il a pour objectif de publier des actualit\u00e9s, des communiqu\u00e9s, des articles et des opinions politiques, et d\u2019offrir un espace ouvert de discussion publique, dans le respect des lois en vigueur et des droits des utilisateurs.<\/p>\n<hr data-start=\"819\" data-end=\"822\" \/>\n<h3 data-start=\"824\" data-end=\"840\">Commentaires<\/h3>\n<p data-start=\"841\" data-end=\"1218\">Lorsque les visiteurs laissent des commentaires sur le site, nous collectons les donn\u00e9es indiqu\u00e9es dans le formulaire de commentaires, ainsi que l\u2019adresse IP du visiteur et la cha\u00eene de l\u2019agent utilisateur du navigateur. Ces informations sont collect\u00e9es \u00e0 des fins de s\u00e9curit\u00e9 et de d\u00e9tection des commentaires ind\u00e9sirables (spam), afin de pr\u00e9server l\u2019int\u00e9grit\u00e9 du d\u00e9bat public.<\/p>\n<p data-start=\"1220\" data-end=\"1473\">Une cha\u00eene anonymis\u00e9e (hash), g\u00e9n\u00e9r\u00e9e \u00e0 partir de votre adresse e-mail, peut \u00eatre transmise au service <strong data-start=\"1323\" data-end=\"1335\">Gravatar<\/strong> afin de v\u00e9rifier si vous l\u2019utilisez. La politique de confidentialit\u00e9 de Gravatar est disponible ici :<br data-start=\"1437\" data-end=\"1440\" \/><a class=\"decorated-link\" href=\"https:\/\/automattic.com\/privacy\/\" target=\"_new\" rel=\"noopener\" data-start=\"1440\" data-end=\"1471\">https:\/\/automattic.com\/privacy\/<\/a><\/p>\n<p data-start=\"1475\" data-end=\"1605\">Apr\u00e8s validation de votre commentaire, votre photo de profil peut \u00eatre visible publiquement dans le contexte de votre commentaire.<\/p>\n<hr data-start=\"1607\" data-end=\"1610\" \/>\n<h3 data-start=\"1612\" data-end=\"1622\">M\u00e9dias<\/h3>\n<p data-start=\"1623\" data-end=\"1909\">Si vous t\u00e9l\u00e9versez des images ou des fichiers multim\u00e9dias sur le site, il est recommand\u00e9 d\u2019\u00e9viter les images contenant des donn\u00e9es de localisation int\u00e9gr\u00e9es (EXIF GPS). Les visiteurs du site peuvent t\u00e9l\u00e9charger et extraire toute donn\u00e9e de localisation pr\u00e9sente dans les images publi\u00e9es.<\/p>\n<hr data-start=\"1911\" data-end=\"1914\" \/>\n<h3 data-start=\"1916\" data-end=\"1927\">Cookies<\/h3>\n<p data-start=\"1928\" data-end=\"2235\">Si vous laissez un commentaire sur notre site, vous pouvez choisir d\u2019enregistrer votre nom, votre adresse e-mail et votre site web dans des cookies. Ces cookies sont destin\u00e9s \u00e0 votre confort afin de ne pas avoir \u00e0 ressaisir vos informations lors d\u2019un commentaire ult\u00e9rieur. Ils sont conserv\u00e9s pendant un an.<\/p>\n<p data-start=\"2237\" data-end=\"2459\">Si vous visitez la page de connexion, un cookie temporaire sera cr\u00e9\u00e9 afin de d\u00e9terminer si votre navigateur accepte les cookies. Ce cookie ne contient aucune donn\u00e9e personnelle et est supprim\u00e9 \u00e0 la fermeture du navigateur.<\/p>\n<p data-start=\"2461\" data-end=\"2624\">Lorsque vous vous connectez (le cas \u00e9ch\u00e9ant), plusieurs cookies sont mis en place afin d\u2019enregistrer vos informations de connexion et vos pr\u00e9f\u00e9rences d\u2019affichage :<\/p>\n<ul data-start=\"2625\" data-end=\"2965\">\n<li data-start=\"2625\" data-end=\"2688\">\n<p data-start=\"2627\" data-end=\"2688\">Les cookies de connexion sont conserv\u00e9s pendant deux jours.<\/p>\n<\/li>\n<li data-start=\"2689\" data-end=\"2763\">\n<p data-start=\"2691\" data-end=\"2763\">Les cookies relatifs aux options d\u2019\u00e9cran sont conserv\u00e9s pendant un an.<\/p>\n<\/li>\n<li data-start=\"2764\" data-end=\"2875\">\n<p data-start=\"2766\" data-end=\"2875\">Si vous s\u00e9lectionnez l\u2019option \u00ab Se souvenir de moi \u00bb, votre connexion sera maintenue pendant deux semaines.<\/p>\n<\/li>\n<li data-start=\"2876\" data-end=\"2965\">\n<p data-start=\"2878\" data-end=\"2965\">Lorsque vous vous d\u00e9connectez, les cookies de connexion sont automatiquement supprim\u00e9s.<\/p>\n<\/li>\n<\/ul>\n<p data-start=\"2967\" data-end=\"3240\">Si vous modifiez ou publiez un article (pour les \u00e9diteurs ou administrateurs), un cookie suppl\u00e9mentaire sera enregistr\u00e9 dans votre navigateur. Ce cookie ne contient aucune donn\u00e9e personnelle et indique uniquement l\u2019identifiant de l\u2019article modifi\u00e9. Il expire apr\u00e8s un jour.<\/p>\n<hr data-start=\"3242\" data-end=\"3245\" \/>\n<h3 data-start=\"3247\" data-end=\"3295\">Contenu int\u00e9gr\u00e9 provenant d\u2019autres sites web<\/h3>\n<p data-start=\"3296\" data-end=\"3400\">Les articles de ce site peuvent inclure du contenu int\u00e9gr\u00e9 (par exemple des vid\u00e9os, images ou articles).<\/p>\n<p data-start=\"3402\" data-end=\"3776\">Le contenu int\u00e9gr\u00e9 provenant d\u2019autres sites web se comporte de la m\u00eame mani\u00e8re que si le visiteur se rendait directement sur ces sites. Ces sites peuvent collecter des donn\u00e9es vous concernant, utiliser des cookies, int\u00e9grer des outils de suivi tiers et surveiller vos interactions avec le contenu int\u00e9gr\u00e9, notamment si vous disposez d\u2019un compte et \u00eates connect\u00e9 \u00e0 ces sites.<\/p>\n<hr data-start=\"3778\" data-end=\"3781\" \/>\n<h3 data-start=\"3783\" data-end=\"3823\">Avec qui nous partageons vos donn\u00e9es<\/h3>\n<p data-start=\"3824\" data-end=\"3932\">Le site ne vend ni ne partage vos donn\u00e9es personnelles avec des tiers \u00e0 des fins commerciales ou politiques.<\/p>\n<p data-start=\"3934\" data-end=\"4133\">Si vous demandez une r\u00e9initialisation de mot de passe (pour les utilisateurs enregistr\u00e9s), votre adresse IP sera incluse dans l\u2019e-mail de r\u00e9initialisation, exclusivement pour des raisons de s\u00e9curit\u00e9.<\/p>\n<hr data-start=\"4135\" data-end=\"4138\" \/>\n<h3 data-start=\"4140\" data-end=\"4180\">Dur\u00e9e de conservation de vos donn\u00e9es<\/h3>\n<p data-start=\"4181\" data-end=\"4431\">Si vous laissez un commentaire, celui-ci ainsi que ses m\u00e9tadonn\u00e9es sont conserv\u00e9s pour une dur\u00e9e ind\u00e9termin\u00e9e. Cela nous permet de reconna\u00eetre et d\u2019approuver automatiquement les commentaires ult\u00e9rieurs sans les placer en file d\u2019attente de mod\u00e9ration.<\/p>\n<p data-start=\"4433\" data-end=\"4874\">Pour les utilisateurs qui s\u2019inscrivent sur notre site (le cas \u00e9ch\u00e9ant), nous conservons les informations personnelles fournies dans leur profil utilisateur. Tous les utilisateurs peuvent consulter, modifier ou demander la suppression de leurs donn\u00e9es personnelles \u00e0 tout moment, \u00e0 l\u2019exception du nom d\u2019utilisateur. Les administrateurs du site peuvent \u00e9galement consulter et modifier ces informations \u00e0 des fins administratives ou techniques.<\/p>\n<hr data-start=\"4876\" data-end=\"4879\" \/>\n<h3 data-start=\"4881\" data-end=\"4911\">Vos droits sur vos donn\u00e9es<\/h3>\n<p data-start=\"4912\" data-end=\"4997\">Si vous poss\u00e9dez un compte sur ce site ou avez laiss\u00e9 des commentaires, vous pouvez :<\/p>\n<ul data-start=\"4998\" data-end=\"5158\">\n<li data-start=\"4998\" data-end=\"5087\">\n<p data-start=\"5000\" data-end=\"5087\">Demander un fichier export\u00e9 des donn\u00e9es personnelles que nous d\u00e9tenons \u00e0 votre sujet.<\/p>\n<\/li>\n<li data-start=\"5088\" data-end=\"5158\">\n<p data-start=\"5090\" data-end=\"5158\">Demander la suppression de toute donn\u00e9e personnelle vous concernant.<\/p>\n<\/li>\n<\/ul>\n<p data-start=\"5160\" data-end=\"5294\">Cela n\u2019inclut pas les donn\u00e9es que nous sommes tenus de conserver \u00e0 des fins administratives, l\u00e9gales, s\u00e9curitaires ou op\u00e9rationnelles.<\/p>\n<hr data-start=\"5296\" data-end=\"5299\" \/>\n<h3 data-start=\"5301\" data-end=\"5333\">O\u00f9 vos donn\u00e9es sont envoy\u00e9es<\/h3>\n<p data-start=\"5334\" data-end=\"5539\">Les commentaires des visiteurs peuvent \u00eatre v\u00e9rifi\u00e9s \u00e0 l\u2019aide de services automatis\u00e9s de d\u00e9tection des messages ind\u00e9sirables, afin de prot\u00e9ger le site et de garantir la qualit\u00e9 et la s\u00e9curit\u00e9 des \u00e9changes.<\/p>\n<hr data-start=\"5541\" data-end=\"5544\" \/>\n<h3 data-start=\"5546\" data-end=\"5598\">Modifications de la politique de confidentialit\u00e9<\/h3>\n<p data-start=\"5599\" data-end=\"5871\">Le site se r\u00e9serve le droit de modifier ou de mettre \u00e0 jour la pr\u00e9sente politique de confidentialit\u00e9 \u00e0 tout moment. Toute modification sera publi\u00e9e sur cette page. L\u2019utilisation continue du site apr\u00e8s publication des modifications vaut acceptation de la politique r\u00e9vis\u00e9e.<\/p>\n","protected":false},"excerpt":{"rendered":"<p>Qui sommes-nous L\u2019adresse de notre site web est :https:\/\/tawhidarabi.org Ce site est la plateforme politique et m\u00e9diatique officielle du Parti de l\u2019Unit\u00e9 Arabe. Il a pour objectif de publier des actualit\u00e9s, des communiqu\u00e9s, des articles et des opinions politiques, et d\u2019offrir un espace ouvert de discussion publique, dans le respect des lois en vigueur et [&hellip;]<\/p>\n","protected":false},"author":1,"featured_media":0,"parent":0,"menu_order":0,"comment_status":"closed","ping_status":"closed","template":"","meta":{"footnotes":""},"class_list":["post-193","page","type-page","status-publish"],"_links":{"self":[{"href":"https:\/\/tawhidarabi.org\/fr\/wp-json\/wp\/v2\/pages\/193","targetHints":{"allow":["GET"]}}],"collection":[{"href":"https:\/\/tawhidarabi.org\/fr\/wp-json\/wp\/v2\/pages"}],"about":[{"href":"https:\/\/tawhidarabi.org\/fr\/wp-json\/wp\/v2\/types\/page"}],"author":[{"embeddable":true,"href":"https:\/\/tawhidarabi.org\/fr\/wp-json\/wp\/v2\/users\/1"}],"replies":[{"embeddable":true,"href":"https:\/\/tawhidarabi.org\/fr\/wp-json\/wp\/v2\/comments?post=193"}],"version-history":[{"count":4,"href":"https:\/\/tawhidarabi.org\/fr\/wp-json\/wp\/v2\/pages\/193\/revisions"}],"predecessor-version":[{"id":204,"href":"https:\/\/tawhidarabi.org\/fr\/wp-json\/wp\/v2\/pages\/193\/revisions\/204"}],"wp:attachment":[{"href":"https:\/\/tawhidarabi.org\/fr\/wp-json\/wp\/v2\/media?parent=193"}],"curies":[{"name":"wp","href":"https:\/\/api.w.org\/{rel}","templated":true}]}}